{"id":52,"date":"2026-03-25T08:47:49","date_gmt":"2026-03-25T08:47:49","guid":{"rendered":"https:\/\/serifa.es\/?page_id=52"},"modified":"2026-03-26T07:12:37","modified_gmt":"2026-03-26T07:12:37","slug":"principal","status":"publish","type":"page","link":"https:\/\/serifa.es\/","title":{"rendered":"Principal"},"content":{"rendered":"\n<div class=\"wp-block-group alignfull has-background has-global-padding is-layout-constrained wp-container-core-group-is-layout-d89aad35 wp-block-group-is-layout-constrained\" style=\"background-color:#e7ebff;margin-top:0;margin-bottom:0;padding-top:var(--wp--preset--spacing--50);padding-right:var(--wp--preset--spacing--50);padding-bottom:var(--wp--preset--spacing--50);padding-left:var(--wp--preset--spacing--50)\">\n<div class=\"wp-block-columns alignwide is-layout-flex wp-container-core-columns-is-layout-1da03c2a wp-block-columns-is-layout-flex\">\n<div class=\"wp-block-column is-vertically-aligned-center is-layout-flow wp-block-column-is-layout-flow\" style=\"flex-basis:60%\">\n<figure class=\"wp-block-image size-full is-style-rounded wp-duotone-unset-2 is-style-rounded--1\"><img loading=\"lazy\" decoding=\"async\" width=\"1280\" height=\"960\" src=\"https:\/\/serifa.es\/wp-content\/uploads\/2026\/03\/Miniatura-sin-titulo-banner-Proximamente-2.png\" alt=\"\" class=\"wp-image-91\" style=\"aspect-ratio:4\/3;object-fit:cover\" srcset=\"https:\/\/serifa.es\/wp-content\/uploads\/2026\/03\/Miniatura-sin-titulo-banner-Proximamente-2.png 1280w, https:\/\/serifa.es\/wp-content\/uploads\/2026\/03\/Miniatura-sin-titulo-banner-Proximamente-2-300x225.png 300w, https:\/\/serifa.es\/wp-content\/uploads\/2026\/03\/Miniatura-sin-titulo-banner-Proximamente-2-1024x768.png 1024w, https:\/\/serifa.es\/wp-content\/uploads\/2026\/03\/Miniatura-sin-titulo-banner-Proximamente-2-768x576.png 768w\" sizes=\"auto, (max-width: 1280px) 100vw, 1280px\" \/><\/figure>\n<\/div>\n\n\n\n<div class=\"wp-block-column is-layout-flow wp-block-column-is-layout-flow\" style=\"flex-basis:40%\">\n<h2 class=\"wp-block-heading has-text-align-center has-contrast-color has-text-color has-link-color wp-elements-54a929fee4e627d3fd2530d9bd835202\" style=\"font-style:normal;font-weight:700\"><em>Pr\u00f3ximamente<\/em><\/h2>\n\n\n\n<h3 class=\"wp-block-heading has-text-align-center has-contrast-color has-text-color has-link-color wp-elements-c6d88d8720a45e38de35d1ab689f977e\">nuestro primer t\u00edtulo<\/h3>\n\n\n\n<div style=\"height:17px\" aria-hidden=\"true\" class=\"wp-block-spacer\"><\/div>\n\n\n\n<p class=\"has-text-align-center has-text-color has-link-color wp-elements-f62d5537d69d97d51fb30a65bd462df7\" style=\"color:#1d2a70;font-size:clamp(0.875rem, 0.875rem + ((1vw - 0.2rem) * 0.542), 1.2rem);\"><strong>En breve anunciaremos nuestra primera publicaci\u00f3n, un viaje a lo \u00edntimo y lo aut\u00e9ntico a trav\u00e9s de la m\u00fasica y la poes\u00eda<\/strong><\/p>\n\n\n\n<div style=\"height:16px\" aria-hidden=\"true\" class=\"wp-block-spacer\"><\/div>\n<\/div>\n<\/div>\n<\/div>\n\n\n\n<div class=\"wp-block-group alignfull has-base-background-color has-background is-layout-flow wp-block-group-is-layout-flow\" id=\"Proyecto-Serifa\">\n<div style=\"height:70px\" aria-hidden=\"true\" class=\"wp-block-spacer\"><\/div>\n\n\n\n<h2 class=\"wp-block-heading has-text-align-center has-text-color has-link-color wp-elements-1b5901f175848c0ca1b5287620810f0d\" style=\"color:#1d2a70\">El proyecto de Serifa<\/h2>\n\n\n\n<div style=\"height:57px\" aria-hidden=\"true\" class=\"wp-block-spacer\"><\/div>\n\n\n\n<div class=\"wp-block-columns alignwide is-layout-flex wp-container-core-columns-is-layout-28f84493 wp-block-columns-is-layout-flex\">\n<div class=\"wp-block-column is-layout-flow wp-block-column-is-layout-flow\"><\/div>\n\n\n\n<div class=\"wp-block-column is-layout-flow wp-block-column-is-layout-flow\">\n<p class=\"has-text-color has-extra-small-font-size\" style=\"color:#000000\">El mundo de la literatura est\u00e1 lleno de historias sobre grandes escritores que sufrieron el rechazo editorial hasta que alguien apost\u00f3 por ellos, algunas famosas, como el suicidio de J. K. O\u2019Toole, o la lista que Bola\u00f1o guardaba con rencor (y que se public\u00f3 p\u00f3stumamente en La Universidad Desconocida). Normalmente estas historias se utilizan como argumento motivacional, una explicaci\u00f3n de la meritocracia del mundo del libro, pero quiz\u00e1s deber\u00edamos tomarlas de una forma m\u00e1s oscura: \u00bfCu\u00e1ntos excelentes autores y obras se han quedado por el camino porque tuvieron mala suerte, el mercado estaba saturado o nadie quer\u00eda arriesgarse? En Serifa estamos convencidos de que ah\u00ed fuera existe una masa de libros excelentes que, por desgracia, jam\u00e1s va a tener una oportunidad, o con suerte, se van a perder en el mar de infoxicaci\u00f3n de plataformas como Amazon. Y eso nos parece triste.<\/p>\n<\/div>\n\n\n\n<div class=\"wp-block-column is-layout-flow wp-block-column-is-layout-flow\">\n<p class=\"has-text-color has-extra-small-font-size\" style=\"color:#000000\"><\/p>\n<\/div>\n<\/div>\n\n\n\n<div class=\"wp-block-columns alignwide is-layout-flex wp-container-core-columns-is-layout-28f84493 wp-block-columns-is-layout-flex\">\n<div class=\"wp-block-column is-layout-flow wp-block-column-is-layout-flow\"><\/div>\n\n\n\n<div class=\"wp-block-column is-layout-flow wp-block-column-is-layout-flow\">\n<p class=\"has-text-color has-extra-small-font-size\" style=\"color:#000000\">Este proyecto editorial nace de la necesidad de llevar al p\u00fablico joyas rechazadas por un mercado saturado y que depende demasiado de las ventas. Nos comprometemos a editar libros de excelente calidad, sin presi\u00f3n comercial, nepotismos y con la m\u00e1xima independencia. Nuestro \u00e1mbito ser\u00e1 una narrativa que no se encorsete en g\u00e9neros ni moldes, que a\u00fane una prosa excelente con historias a la vez profundas y originales. Nos dirigiremos a un p\u00fablico lector adulto, exigente, con un buen criterio literario que busca cl\u00e1sicos contempor\u00e1neos. Para ello contamos con un equipo multidisciplinar, entre los que se encuentran traductores, m\u00fasicos y dise\u00f1adores gr\u00e1ficos, todos amantes de la buena literatura.<\/p>\n<\/div>\n\n\n\n<div class=\"wp-block-column is-layout-flow wp-block-column-is-layout-flow\">\n<p class=\"has-text-color has-extra-small-font-size\" style=\"color:#000000\"><\/p>\n<\/div>\n<\/div>\n\n\n\n<div style=\"height:100px\" aria-hidden=\"true\" class=\"wp-block-spacer\"><\/div>\n<\/div>\n\n\n\n<div class=\"wp-block-group alignfull has-background is-layout-flow wp-block-group-is-layout-flow\" id=\"Contacto\" style=\"background-color:#cbd2de\">\n<div style=\"height:70px\" aria-hidden=\"true\" class=\"wp-block-spacer\"><\/div>\n\n\n\n<h2 class=\"wp-block-heading has-text-align-center\">Contacto<\/h2>\n\n\n\n<div style=\"height:57px\" aria-hidden=\"true\" class=\"wp-block-spacer\"><\/div>\n\n\n\n<div class=\"wp-block-columns is-layout-flex wp-container-core-columns-is-layout-28f84493 wp-block-columns-is-layout-flex\">\n<div class=\"wp-block-column is-layout-flow wp-block-column-is-layout-flow\"><\/div>\n\n\n\n<div class=\"wp-block-column is-layout-flow wp-block-column-is-layout-flow\">\n<p>Para cualquier consulta puede dirigirse a nosotros por medio del siguiente correo<\/p>\n\n\n\n<p>info@serifa.es<\/p>\n<\/div>\n\n\n\n<div class=\"wp-block-column is-layout-flow wp-block-column-is-layout-flow\"><\/div>\n<\/div>\n\n\n\n<div style=\"height:45px\" aria-hidden=\"true\" class=\"wp-block-spacer\"><\/div>\n\n\n\n<div class=\"wp-block-columns is-layout-flex wp-container-core-columns-is-layout-28f84493 wp-block-columns-is-layout-flex\">\n<div class=\"wp-block-column is-layout-flow wp-block-column-is-layout-flow\"><\/div>\n\n\n\n<div class=\"wp-block-column is-layout-flow wp-block-column-is-layout-flow\">\n<h4 class=\"wp-block-heading has-text-color has-link-color wp-elements-4b648d53e5d08ace74ce027d48ef7211\" style=\"color:#1d2a70\">Manuscritos<\/h4>\n<\/div>\n\n\n\n<div class=\"wp-block-column is-layout-flow wp-block-column-is-layout-flow\"><\/div>\n<\/div>\n\n\n\n<div class=\"wp-block-columns alignwide is-layout-flex wp-container-core-columns-is-layout-28f84493 wp-block-columns-is-layout-flex\">\n<div class=\"wp-block-column is-layout-flow wp-block-column-is-layout-flow\"><\/div>\n\n\n\n<div class=\"wp-block-column is-layout-flow wp-block-column-is-layout-flow\">\n<p class=\"has-text-color has-extra-small-font-size\" style=\"color:#000000\">De momento s\u00f3lo estamos interesados en narrativa que no se ci\u00f1a a ning\u00fan g\u00e9nero. Esto no significa que no nos interese una novela negra o fant\u00e1stica, pero debe ser tan original y alejada de clich\u00e9s que no vaya a tener cabida en el mercado habitual del libro. En caso de duda, recomendamos leer nuestros t\u00edtulos para tener una idea m\u00e1s precisa de qu\u00e9 publicamos. S\u00f3lo recibimos propuestas en el formato que indicamos abajo. En caso de que nos interese, contactaremos para pedir el manuscrito completo.<\/p>\n\n\n\n<p><strong>Importante<\/strong>: en Serifa tenemos tolerancia cero con el uso de <strong>inteligencia artificial<\/strong>. Cualquier sospecha de material recibido creado con estas herramientas y hecho pasar por propio ser\u00e1 denunciado ante los tribunales pertinentes.<\/p>\n\n\n\n<p>Para enviar una propuesta, t\u00e9ngase en cuenta las siguientes instrucciones:<\/p>\n\n\n\n<p class=\"has-text-color has-extra-small-font-size\" style=\"color:#000000\">a) <strong>carta de presentaci\u00f3n<\/strong> con datos, gustos literarios, libros anteriores, todo aquello que pueda ser de nuestro inter\u00e9s, y adem\u00e1s, una lista con las editoriales que han rechazado el libro y las fechas en las que se envi\u00f3 (y las posibles respuestas)<br>b) <strong>documento firmado<\/strong> en el que se asegure que el libro no se ha escrito usando ninguna herramienta de inteligencia artificial.<br>c) al menos un <strong>informe literario<\/strong> positivo<br>d) una <strong>muestra de escritura<\/strong> de un par de cap\u00edtulos (si son muy largos, con uno ser\u00eda suficiente).<\/p>\n\n\n\n<p>manuscritos@serifa.es<\/p>\n<\/div>\n\n\n\n<div class=\"wp-block-column is-layout-flow wp-block-column-is-layout-flow\">\n<p class=\"has-text-color has-extra-small-font-size\" style=\"color:#000000\"><\/p>\n<\/div>\n<\/div>\n\n\n\n<div class=\"wp-block-columns is-layout-flex wp-container-core-columns-is-layout-28f84493 wp-block-columns-is-layout-flex\">\n<div class=\"wp-block-column is-layout-flow wp-block-column-is-layout-flow\"><\/div>\n\n\n\n<div class=\"wp-block-column is-layout-flow wp-block-column-is-layout-flow\"><\/div>\n\n\n\n<div class=\"wp-block-column is-layout-flow wp-block-column-is-layout-flow\"><\/div>\n<\/div>\n\n\n\n<div style=\"height:100px\" aria-hidden=\"true\" class=\"wp-block-spacer\"><\/div>\n<\/div>\n\n\n\n<p><\/p>\n","protected":false},"excerpt":{"rendered":"<p>Pr\u00f3ximamente nuestro primer t\u00edtulo En breve anunciaremos nuestra primera publicaci\u00f3n, un viaje a lo \u00edntimo y lo aut\u00e9ntico a trav\u00e9s de la m\u00fasica y la poes\u00eda El proyecto de Serifa El mundo de la literatura est\u00e1 lleno de historias sobre grandes escritores que sufrieron el rechazo editorial hasta que alguien apost\u00f3 por ellos, algunas famosas, [&hellip;]<\/p>\n","protected":false},"author":1,"featured_media":0,"parent":0,"menu_order":0,"comment_status":"closed","ping_status":"closed","template":"page-no-title","meta":{"footnotes":""},"class_list":["post-52","page","type-page","status-publish","hentry"],"_links":{"self":[{"href":"https:\/\/serifa.es\/index.php?rest_route=\/wp\/v2\/pages\/52","targetHints":{"allow":["GET"]}}],"collection":[{"href":"https:\/\/serifa.es\/index.php?rest_route=\/wp\/v2\/pages"}],"about":[{"href":"https:\/\/serifa.es\/index.php?rest_route=\/wp\/v2\/types\/page"}],"author":[{"embeddable":true,"href":"https:\/\/serifa.es\/index.php?rest_route=\/wp\/v2\/users\/1"}],"replies":[{"embeddable":true,"href":"https:\/\/serifa.es\/index.php?rest_route=%2Fwp%2Fv2%2Fcomments&post=52"}],"version-history":[{"count":23,"href":"https:\/\/serifa.es\/index.php?rest_route=\/wp\/v2\/pages\/52\/revisions"}],"predecessor-version":[{"id":115,"href":"https:\/\/serifa.es\/index.php?rest_route=\/wp\/v2\/pages\/52\/revisions\/115"}],"wp:attachment":[{"href":"https:\/\/serifa.es\/index.php?rest_route=%2Fwp%2Fv2%2Fmedia&parent=52"}],"curies":[{"name":"wp","href":"https:\/\/api.w.org\/{rel}","templated":true}]}}